{"id":2628,"date":"2024-01-08T03:09:39","date_gmt":"2024-01-08T03:09:39","guid":{"rendered":"https:\/\/sgfoam.pt\/noticias\/"},"modified":"2026-03-03T09:10:34","modified_gmt":"2026-03-03T09:10:34","slug":"noticias","status":"publish","type":"page","link":"https:\/\/sgfoam.pt\/es\/noticias\/","title":{"rendered":"Noticias"},"content":{"rendered":"\t\t<div data-elementor-type=\"wp-page\" data-elementor-id=\"2628\" class=\"elementor elementor-2628 elementor-1401\" data-elementor-post-type=\"page\">\n\t\t\t\t\t\t<section class=\"elementor-section elementor-top-section elementor-element elementor-element-7d64a52 elementor-section-full_width elementor-section-height-default elementor-section-height-default\" data-id=\"7d64a52\" data-element_type=\"section\" data-e-type=\"section\">\n\t\t\t\t\t\t<div class=\"elementor-container elementor-column-gap-default\">\n\t\t\t\t\t<div class=\"elementor-column elementor-col-100 elementor-top-column elementor-element elementor-element-ecb5ddd\" data-id=\"ecb5ddd\" data-element_type=\"column\" data-e-type=\"column\">\n\t\t\t<div class=\"elementor-widget-wrap elementor-element-populated\">\n\t\t\t\t\t\t<div class=\"elementor-element elementor-element-ea0c7b0 elementor-widget elementor-widget-heading\" data-id=\"ea0c7b0\" data-element_type=\"widget\" data-e-type=\"widget\" data-widget_type=\"heading.default\">\n\t\t\t\t<div class=\"elementor-widget-container\">\n\t\t\t\t\t<h2 class=\"elementor-heading-title elementor-size-default\">NOTICIAS<\/h2>\t\t\t\t<\/div>\n\t\t\t\t<\/div>\n\t\t\t\t<div class=\"elementor-element elementor-element-8c24d02 elementor-widget elementor-widget-heading\" data-id=\"8c24d02\" data-element_type=\"widget\" data-e-type=\"widget\" data-widget_type=\"heading.default\">\n\t\t\t\t<div class=\"elementor-widget-container\">\n\t\t\t\t\t<h2 class=\"elementor-heading-title elementor-size-default\">\u00daltimas noticias<\/h2>\t\t\t\t<\/div>\n\t\t\t\t<\/div>\n\t\t\t\t<div class=\"elementor-element elementor-element-6bba8ec elementor-grid-3 elementor-grid-tablet-2 elementor-grid-mobile-1 elementor-posts--thumbnail-top elementor-posts--show-avatar elementor-card-shadow-yes elementor-posts__hover-gradient elementor-widget elementor-widget-posts\" data-id=\"6bba8ec\" data-element_type=\"widget\" data-e-type=\"widget\" data-settings=\"{&quot;cards_columns&quot;:&quot;3&quot;,&quot;cards_columns_tablet&quot;:&quot;2&quot;,&quot;cards_columns_mobile&quot;:&quot;1&quot;,&quot;cards_row_gap&quot;:{&quot;unit&quot;:&quot;px&quot;,&quot;size&quot;:35,&quot;sizes&quot;:[]},&quot;cards_row_gap_widescreen&quot;:{&quot;unit&quot;:&quot;px&quot;,&quot;size&quot;:&quot;&quot;,&quot;sizes&quot;:[]},&quot;cards_row_gap_tablet&quot;:{&quot;unit&quot;:&quot;px&quot;,&quot;size&quot;:&quot;&quot;,&quot;sizes&quot;:[]},&quot;cards_row_gap_mobile&quot;:{&quot;unit&quot;:&quot;px&quot;,&quot;size&quot;:&quot;&quot;,&quot;sizes&quot;:[]}}\" data-widget_type=\"posts.cards\">\n\t\t\t\t<div class=\"elementor-widget-container\">\n\t\t\t\t\t\t\t<div class=\"elementor-posts-container elementor-posts elementor-posts--skin-cards elementor-grid\" role=\"list\">\n\t\t\t\t<article class=\"elementor-post elementor-grid-item post-3310 post type-post status-publish format-standard has-post-thumbnail hentry category-sin-categorizar\" role=\"listitem\">\n\t\t\t<div class=\"elementor-post__card\">\n\t\t\t\t<a class=\"elementor-post__thumbnail__link\" href=\"https:\/\/sgfoam.pt\/es\/estuvimos-en-el-mxgp-portugal-2024\/\" tabindex=\"-1\" ><div class=\"elementor-post__thumbnail\"><img fetchpriority=\"high\" decoding=\"async\" width=\"2560\" height=\"1707\" src=\"https:\/\/sgfoam.pt\/wp-content\/uploads\/2024\/10\/peli-air-1525-case-02-scaled.jpg\" class=\"attachment-full size-full wp-image-3306\" alt=\"\" srcset=\"https:\/\/sgfoam.pt\/wp-content\/uploads\/2024\/10\/peli-air-1525-case-02-scaled.jpg 2560w, https:\/\/sgfoam.pt\/wp-content\/uploads\/2024\/10\/peli-air-1525-case-02-300x200.jpg 300w, https:\/\/sgfoam.pt\/wp-content\/uploads\/2024\/10\/peli-air-1525-case-02-1024x683.jpg 1024w, https:\/\/sgfoam.pt\/wp-content\/uploads\/2024\/10\/peli-air-1525-case-02-768x512.jpg 768w, https:\/\/sgfoam.pt\/wp-content\/uploads\/2024\/10\/peli-air-1525-case-02-1536x1024.jpg 1536w, https:\/\/sgfoam.pt\/wp-content\/uploads\/2024\/10\/peli-air-1525-case-02-2048x1365.jpg 2048w\" sizes=\"(max-width: 2560px) 100vw, 2560px\" \/><\/div><\/a>\n\t\t\t\t<div class=\"elementor-post__avatar\">\n\t\t\t<img alt='admin' src='https:\/\/secure.gravatar.com\/avatar\/a2363522611fe0fe1e4562fcf8fab5e7aa9e6e531ea5f560e6c1194459c548cb?s=128&#038;d=mm&#038;r=g' srcset='https:\/\/secure.gravatar.com\/avatar\/a2363522611fe0fe1e4562fcf8fab5e7aa9e6e531ea5f560e6c1194459c548cb?s=256&#038;d=mm&#038;r=g 2x' class='avatar avatar-128 photo' height='128' width='128' \/>\t\t<\/div>\n\t\t\t\t<div class=\"elementor-post__text\">\n\t\t\t\t<h3 class=\"elementor-post__title\">\n\t\t\t<a href=\"https:\/\/sgfoam.pt\/es\/estuvimos-en-el-mxgp-portugal-2024\/\" >\n\t\t\t\tEstuvimos en el MXGP Portugal 2024\t\t\t<\/a>\n\t\t<\/h3>\n\t\t\t\t<div class=\"elementor-post__excerpt\">\n\t\t\t<p>Soluciones SG-Foam en el MXGP Portugal 2024 Los d\u00edas 4 y 5 de mayo de 2024, estuvimos presentes como patrocinadores<\/p>\n\t\t<\/div>\n\t\t\t\t\t<div class=\"elementor-post__read-more-wrapper\">\n\t\t\n\t\t<a class=\"elementor-post__read-more\" href=\"https:\/\/sgfoam.pt\/es\/estuvimos-en-el-mxgp-portugal-2024\/\" aria-label=\"M\u00e1s informaci\u00f3n sobre Estuvimos en el MXGP Portugal 2024\" tabindex=\"-1\" >\n\t\t\tSeguir leyendo  \t\t<\/a>\n\n\t\t\t\t\t<\/div>\n\t\t\t\t<\/div>\n\t\t\t\t\t<\/div>\n\t\t<\/article>\n\t\t\t\t<article class=\"elementor-post elementor-grid-item post-2721 post type-post status-publish format-standard has-post-thumbnail hentry category-sin-categorizar\" role=\"listitem\">\n\t\t\t<div class=\"elementor-post__card\">\n\t\t\t\t<a class=\"elementor-post__thumbnail__link\" href=\"https:\/\/sgfoam.pt\/es\/somos-una-empresa-eticamente-responsable\/\" tabindex=\"-1\" ><div class=\"elementor-post__thumbnail\"><img decoding=\"async\" width=\"2560\" height=\"1920\" src=\"https:\/\/sgfoam.pt\/wp-content\/uploads\/2023\/09\/DJI_0468-scaled.jpg\" class=\"attachment-full size-full wp-image-1894\" alt=\"\" srcset=\"https:\/\/sgfoam.pt\/wp-content\/uploads\/2023\/09\/DJI_0468-scaled.jpg 2560w, https:\/\/sgfoam.pt\/wp-content\/uploads\/2023\/09\/DJI_0468-300x225.jpg 300w, https:\/\/sgfoam.pt\/wp-content\/uploads\/2023\/09\/DJI_0468-1024x768.jpg 1024w, https:\/\/sgfoam.pt\/wp-content\/uploads\/2023\/09\/DJI_0468-768x576.jpg 768w, https:\/\/sgfoam.pt\/wp-content\/uploads\/2023\/09\/DJI_0468-1536x1152.jpg 1536w, https:\/\/sgfoam.pt\/wp-content\/uploads\/2023\/09\/DJI_0468-2048x1536.jpg 2048w\" sizes=\"(max-width: 2560px) 100vw, 2560px\" \/><\/div><\/a>\n\t\t\t\t<div class=\"elementor-post__avatar\">\n\t\t\t<img alt='Ana Rita Gomes' src='https:\/\/secure.gravatar.com\/avatar\/cdc70d47ae8e55ec777af49eba93559e5a218e20f0f2c8b4e6ac8a043f78202f?s=128&#038;d=mm&#038;r=g' srcset='https:\/\/secure.gravatar.com\/avatar\/cdc70d47ae8e55ec777af49eba93559e5a218e20f0f2c8b4e6ac8a043f78202f?s=256&#038;d=mm&#038;r=g 2x' class='avatar avatar-128 photo' height='128' width='128' \/>\t\t<\/div>\n\t\t\t\t<div class=\"elementor-post__text\">\n\t\t\t\t<h3 class=\"elementor-post__title\">\n\t\t\t<a href=\"https:\/\/sgfoam.pt\/es\/somos-una-empresa-eticamente-responsable\/\" >\n\t\t\t\tSomos una empresa \u00e9ticamente responsable\t\t\t<\/a>\n\t\t<\/h3>\n\t\t\t\t<div class=\"elementor-post__excerpt\">\n\t\t\t<p>Nos complace compartir las \u00faltimas noticias sobre los esfuerzos de SG Foam Solutions por reforzar su compromiso con las pr\u00e1cticas<\/p>\n\t\t<\/div>\n\t\t\t\t\t<div class=\"elementor-post__read-more-wrapper\">\n\t\t\n\t\t<a class=\"elementor-post__read-more\" href=\"https:\/\/sgfoam.pt\/es\/somos-una-empresa-eticamente-responsable\/\" aria-label=\"M\u00e1s informaci\u00f3n sobre Somos una empresa \u00e9ticamente responsable\" tabindex=\"-1\" >\n\t\t\tSeguir leyendo  \t\t<\/a>\n\n\t\t\t\t\t<\/div>\n\t\t\t\t<\/div>\n\t\t\t\t\t<\/div>\n\t\t<\/article>\n\t\t\t\t<article class=\"elementor-post elementor-grid-item post-2676 post type-post status-publish format-standard has-post-thumbnail hentry category-sin-categorizar\" role=\"listitem\">\n\t\t\t<div class=\"elementor-post__card\">\n\t\t\t\t<a class=\"elementor-post__thumbnail__link\" href=\"https:\/\/sgfoam.pt\/es\/hola-tenemos-noticias\/\" tabindex=\"-1\" ><div class=\"elementor-post__thumbnail\"><img decoding=\"async\" width=\"2560\" height=\"1707\" src=\"https:\/\/sgfoam.pt\/wp-content\/uploads\/2023\/11\/f2-scaled.jpg\" class=\"attachment-full size-full wp-image-2426\" alt=\"\" srcset=\"https:\/\/sgfoam.pt\/wp-content\/uploads\/2023\/11\/f2-scaled.jpg 2560w, https:\/\/sgfoam.pt\/wp-content\/uploads\/2023\/11\/f2-300x200.jpg 300w, https:\/\/sgfoam.pt\/wp-content\/uploads\/2023\/11\/f2-1024x683.jpg 1024w, https:\/\/sgfoam.pt\/wp-content\/uploads\/2023\/11\/f2-768x512.jpg 768w, https:\/\/sgfoam.pt\/wp-content\/uploads\/2023\/11\/f2-1536x1024.jpg 1536w, https:\/\/sgfoam.pt\/wp-content\/uploads\/2023\/11\/f2-2048x1365.jpg 2048w\" sizes=\"(max-width: 2560px) 100vw, 2560px\" \/><\/div><\/a>\n\t\t\t\t<div class=\"elementor-post__avatar\">\n\t\t\t<img alt='Jos\u00e9 Gomes' src='https:\/\/secure.gravatar.com\/avatar\/b1c64cbb6c890cd75edb450132eb99bc74942190855199cf24ef3cbd8ff15778?s=128&#038;d=mm&#038;r=g' srcset='https:\/\/secure.gravatar.com\/avatar\/b1c64cbb6c890cd75edb450132eb99bc74942190855199cf24ef3cbd8ff15778?s=256&#038;d=mm&#038;r=g 2x' class='avatar avatar-128 photo' height='128' width='128' \/>\t\t<\/div>\n\t\t\t\t<div class=\"elementor-post__text\">\n\t\t\t\t<h3 class=\"elementor-post__title\">\n\t\t\t<a href=\"https:\/\/sgfoam.pt\/es\/hola-tenemos-noticias\/\" >\n\t\t\t\t\u00a1Hola! \u00a1Tenemos noticias!\t\t\t<\/a>\n\t\t<\/h3>\n\t\t\t\t<div class=\"elementor-post__excerpt\">\n\t\t\t<p>Con gran alegr\u00eda inauguramos una nueva era en nuestro camino. En SG Foam Solutions somos transformadores de posibilidades, impulsores de<\/p>\n\t\t<\/div>\n\t\t\t\t\t<div class=\"elementor-post__read-more-wrapper\">\n\t\t\n\t\t<a class=\"elementor-post__read-more\" href=\"https:\/\/sgfoam.pt\/es\/hola-tenemos-noticias\/\" aria-label=\"M\u00e1s informaci\u00f3n sobre \u00a1Hola! \u00a1Tenemos noticias!\" tabindex=\"-1\" >\n\t\t\tSeguir leyendo  \t\t<\/a>\n\n\t\t\t\t\t<\/div>\n\t\t\t\t<\/div>\n\t\t\t\t\t<\/div>\n\t\t<\/article>\n\t\t\t\t<\/div>\n\t\t\n\t\t\t\t\t\t<\/div>\n\t\t\t\t<\/div>\n\t\t\t\t\t<\/div>\n\t\t<\/div>\n\t\t\t\t\t<\/div>\n\t\t<\/section>\n\t\t\t\t<\/div>\n\t\t","protected":false},"excerpt":{"rendered":"<p>NOTICIAS \u00daltimas noticias<\/p>\n","protected":false},"author":1,"featured_media":0,"parent":0,"menu_order":0,"comment_status":"closed","ping_status":"closed","template":"elementor_header_footer","meta":{"footnotes":""},"class_list":["post-2628","page","type-page","status-publish","hentry"],"_links":{"self":[{"href":"https:\/\/sgfoam.pt\/es\/wp-json\/wp\/v2\/pages\/2628","targetHints":{"allow":["GET"]}}],"collection":[{"href":"https:\/\/sgfoam.pt\/es\/wp-json\/wp\/v2\/pages"}],"about":[{"href":"https:\/\/sgfoam.pt\/es\/wp-json\/wp\/v2\/types\/page"}],"author":[{"embeddable":true,"href":"https:\/\/sgfoam.pt\/es\/wp-json\/wp\/v2\/users\/1"}],"replies":[{"embeddable":true,"href":"https:\/\/sgfoam.pt\/es\/wp-json\/wp\/v2\/comments?post=2628"}],"version-history":[{"count":5,"href":"https:\/\/sgfoam.pt\/es\/wp-json\/wp\/v2\/pages\/2628\/revisions"}],"predecessor-version":[{"id":3452,"href":"https:\/\/sgfoam.pt\/es\/wp-json\/wp\/v2\/pages\/2628\/revisions\/3452"}],"wp:attachment":[{"href":"https:\/\/sgfoam.pt\/es\/wp-json\/wp\/v2\/media?parent=2628"}],"curies":[{"name":"wp","href":"https:\/\/api.w.org\/{rel}","templated":true}]}}